{"id":547,"date":"2025-10-28T12:14:54","date_gmt":"2025-10-28T12:14:54","guid":{"rendered":"https:\/\/day-001.com\/about\/"},"modified":"2026-01-14T10:20:30","modified_gmt":"2026-01-14T10:20:30","slug":"about","status":"publish","type":"page","link":"https:\/\/day-001.com\/si\/about\/","title":{"rendered":"O nama"},"content":{"rendered":"<div data-elementor-type=\"wp-page\" data-elementor-id=\"547\" class=\"elementor elementor-547\">\n\t\t\t\t<div class=\"elementor-element elementor-element-35858529 e-flex e-con-boxed e-con e-parent\" data-id=\"35858529\" data-element_type=\"container\" data-settings=\"{&quot;background_background&quot;:&quot;classic&quot;}\">\n\t\t\t\t\t<div class=\"e-con-inner\">\n\t\t<div class=\"elementor-element elementor-element-9f69eab e-con-full e-flex e-con e-child\" data-id=\"9f69eab\" data-element_type=\"container\">\n\t\t\t\t<div class=\"elementor-element elementor-element-45b485e elementor-widget elementor-widget-text-editor\" data-id=\"45b485e\" data-element_type=\"widget\" data-widget_type=\"text-editor.default\">\n\t\t\t\t\t\t\t\t\t<p>O NAMA<\/p>\t\t\t\t\t\t\t\t<\/div>\n\t\t\t\t<\/div>\n\t\t\t\t<div class=\"elementor-element elementor-element-eadc9b8 elementor-widget elementor-widget-text-editor\" data-id=\"eadc9b8\" data-element_type=\"widget\" data-widget_type=\"text-editor.default\">\n\t\t\t\t\t\t\t\t\t<p><span style=\"color: #000000; font-family: 'DM Serif Display', sans-serif; font-size: 40px; font-weight: 800; letter-spacing: -1.7px; word-spacing: 17px;\">Sva Timotej &amp; Jaka.<\/span><\/p>\t\t\t\t\t\t\t\t<\/div>\n\t\t\t\t<div class=\"elementor-element elementor-element-9958bf1 elementor-widget elementor-widget-text-editor\" data-id=\"9958bf1\" data-element_type=\"widget\" data-widget_type=\"text-editor.default\">\n\t\t\t\t\t\t\t\t\t<p>Sva vizualna pripovedovalca zgodb z ozadjem in izobrazbo na podro\u010dju filma in fotografije. Zdru\u017eujeva ljubezen do iskrene dokumentacije, estetike in \u010dlovekove pristnosti. Aktivna sva na podro\u010dju filma, mode in dokumentiranja \u017eivljenja tak\u0161nega, kakr\u0161no je.<\/p><p>Raw, emotional and unscripted.<\/p>\t\t\t\t\t\t\t\t<\/div>\n\t\t\t\t\t<\/div>\n\t\t\t\t<\/div>\n\t\t<div class=\"elementor-element elementor-element-5db10a9 e-flex e-con-boxed e-con e-parent\" data-id=\"5db10a9\" data-element_type=\"container\" data-settings=\"{&quot;background_background&quot;:&quot;classic&quot;}\">\n\t\t\t\t\t<div class=\"e-con-inner\">\n\t\t<div class=\"elementor-element elementor-element-df3b5ee e-con-full e-flex e-con e-child\" data-id=\"df3b5ee\" data-element_type=\"container\">\n\t\t\t\t<div class=\"elementor-element elementor-element-7d690be elementor-widget elementor-widget-image\" data-id=\"7d690be\" data-element_type=\"widget\" data-widget_type=\"image.default\">\n\t\t\t\t\t\t\t\t\t\t\t\t\t\t\t\t<a href=\"https:\/\/www.instagram.com\/jaka.mojskerc\/\">\n\t\t\t\t\t\t\t<img fetchpriority=\"high\" decoding=\"async\" width=\"1365\" height=\"2048\" src=\"https:\/\/day-001.com\/wp-content\/uploads\/2025\/12\/000001020017.1132-1365x2048.jpg\" class=\"attachment-2048x2048 size-2048x2048 wp-image-3586\" alt=\"000001020017.1132\" srcset=\"https:\/\/day-001.com\/wp-content\/uploads\/2025\/12\/000001020017.1132-1365x2048.jpg 1365w, https:\/\/day-001.com\/wp-content\/uploads\/2025\/12\/000001020017.1132-200x300.jpg 200w, https:\/\/day-001.com\/wp-content\/uploads\/2025\/12\/000001020017.1132-683x1024.jpg 683w, https:\/\/day-001.com\/wp-content\/uploads\/2025\/12\/000001020017.1132-768x1152.jpg 768w, https:\/\/day-001.com\/wp-content\/uploads\/2025\/12\/000001020017.1132-1024x1536.jpg 1024w, https:\/\/day-001.com\/wp-content\/uploads\/2025\/12\/000001020017.1132-scaled.jpg 1707w\" sizes=\"(max-width: 1365px) 100vw, 1365px\" title=\"O nama\">\t\t\t\t\t\t\t\t<\/a>\n\t\t\t\t\t\t\t\t\t\t\t\t\t\t\t<\/div>\n\t\t\t\t<\/div>\n\t\t<div class=\"elementor-element elementor-element-65fa249 e-con-full e-flex e-con e-child\" data-id=\"65fa249\" data-element_type=\"container\">\n\t\t\t\t<div class=\"elementor-element elementor-element-b591f3a elementor-widget elementor-widget-image\" data-id=\"b591f3a\" data-element_type=\"widget\" data-widget_type=\"image.default\">\n\t\t\t\t\t\t\t\t\t\t\t\t\t\t\t<img decoding=\"async\" width=\"818\" height=\"1228\" src=\"https:\/\/day-001.com\/wp-content\/uploads\/2025\/12\/0832-q.jpg\" class=\"attachment-2048x2048 size-2048x2048 wp-image-3582\" alt=\"0832 q\" srcset=\"https:\/\/day-001.com\/wp-content\/uploads\/2025\/12\/0832-q.jpg 818w, https:\/\/day-001.com\/wp-content\/uploads\/2025\/12\/0832-q-200x300.jpg 200w, https:\/\/day-001.com\/wp-content\/uploads\/2025\/12\/0832-q-682x1024.jpg 682w, https:\/\/day-001.com\/wp-content\/uploads\/2025\/12\/0832-q-768x1153.jpg 768w\" sizes=\"(max-width: 818px) 100vw, 818px\" title=\"O nama\">\t\t\t\t\t\t\t\t\t\t\t\t\t\t\t<\/div>\n\t\t\t\t<\/div>\n\t\t\t\t\t<\/div>\n\t\t\t\t<\/div>\n\t\t<div class=\"elementor-element elementor-element-a87c3ce e-flex e-con-boxed e-con e-parent\" data-id=\"a87c3ce\" data-element_type=\"container\" data-settings=\"{&quot;background_background&quot;:&quot;classic&quot;}\">\n\t\t\t\t\t<div class=\"e-con-inner\">\n\t\t<div class=\"elementor-element elementor-element-f8e5a9f e-con-full e-flex e-con e-child\" data-id=\"f8e5a9f\" data-element_type=\"container\">\n\t\t\t\t<div class=\"elementor-element elementor-element-7f93274 elementor-widget elementor-widget-text-editor\" data-id=\"7f93274\" data-element_type=\"widget\" data-widget_type=\"text-editor.default\">\n\t\t\t\t\t\t\t\t\t<p style=\"text-align: right;\">Najine izku\u0161nje<\/p>\t\t\t\t\t\t\t\t<\/div>\n\t\t\t\t<\/div>\n\t\t\t\t<div class=\"elementor-element elementor-element-36476db elementor-widget elementor-widget-text-editor\" data-id=\"36476db\" data-element_type=\"widget\" data-widget_type=\"text-editor.default\">\n\t\t\t\t\t\t\t\t\t<p data-start=\"559\" data-end=\"800\">Najino delo sega na ve\u010d ustvarjalnih podro\u010dij \u2013 od modnih editorialov in dokumentarne fotografije do ustvarjanja celove\u010dernih in kratkometra\u017enih dokumentarnih ter igranih filmov. Bogate izku\u0161nje na teh avdiovizualnih podro\u010djih ponujajo \u0161irok pristop k dokumentiranju vajinega Day 001.<br data-start=\"719\" data-end=\"722\" \/><br \/><\/p><p data-start=\"559\" data-end=\"800\">Verjameva, da mora vsak kader ali fotografija nositi namen, \u010dustva in Lepoto.<\/p>\t\t\t\t\t\t\t\t<\/div>\n\t\t\t\t\t<\/div>\n\t\t\t\t<\/div>\n\t\t<div class=\"elementor-element elementor-element-e75a729 e-flex e-con-boxed e-con e-parent\" data-id=\"e75a729\" data-element_type=\"container\" data-settings=\"{&quot;background_background&quot;:&quot;classic&quot;}\">\n\t\t\t\t\t<div class=\"e-con-inner\">\n\t\t\t\t<div class=\"elementor-element elementor-element-1b16340 elementor-widget elementor-widget-text-editor\" data-id=\"1b16340\" data-element_type=\"widget\" data-widget_type=\"text-editor.default\">\n\t\t\t\t\t\t\t\t\t<p style=\"text-align: right;\">Najin pristop<\/p>\t\t\t\t\t\t\t\t<\/div>\n\t\t\t\t<div class=\"elementor-element elementor-element-f8d0ab5 elementor-widget elementor-widget-text-editor\" data-id=\"f8d0ab5\" data-element_type=\"widget\" data-widget_type=\"text-editor.default\">\n\t\t\t\t\t\t\t\t\t<p>Brez poziranja \u2013 samo pristni, spontani trenutki.<\/p>\n<p><br data-start=\"871\" data-end=\"874\" \/>Prizadevava si, da ostaneva neopazna in pustiva, da se vajin Day 001 odvija nemoteno.<\/p>\n<p><br data-start=\"935\" data-end=\"938\" \/>Z izku\u0161njami na podro\u010dju fotografije, filma in zvoka se prilagajava vajini viziji \u2013 od intimnega kratkega filma do celovite kinematografske poro\u010dne zgodbe.<\/p>\t\t\t\t\t\t\t\t<\/div>\n\t\t\t\t\t<\/div>\n\t\t\t\t<\/div>\n\t\t<div class=\"elementor-element elementor-element-3d53a14 e-flex e-con-boxed e-con e-parent\" data-id=\"3d53a14\" data-element_type=\"container\" data-settings=\"{&quot;background_background&quot;:&quot;classic&quot;}\">\n\t\t\t\t\t<div class=\"e-con-inner\">\n\t\t\t\t<div class=\"elementor-element elementor-element-3ba96ca elementor-widget elementor-widget-text-editor\" data-id=\"3ba96ca\" data-element_type=\"widget\" data-widget_type=\"text-editor.default\">\n\t\t\t\t\t\t\t\t\t<p style=\"text-align: right;\">Kako deluje<\/p>\t\t\t\t\t\t\t\t<\/div>\n\t\t\t\t<div class=\"elementor-element elementor-element-2c469c9 elementor-widget elementor-widget-text-editor\" data-id=\"2c469c9\" data-element_type=\"widget\" data-widget_type=\"text-editor.default\">\n\t\t\t\t\t\t\t\t\t<ol data-start=\"1110\" data-end=\"1593\"><li data-start=\"1110\" data-end=\"1178\"><p data-start=\"1113\" data-end=\"1178\">Preglejta najino spletno stran in izberita mo\u017enost, ki ustreza vajinim \u017eeljam.<\/p><\/li><li data-start=\"1179\" data-end=\"1222\"><p data-start=\"1182\" data-end=\"1222\">Za usklajevanje datuma poroke naju kontaktirajte.<\/p><\/li><li data-start=\"1223\" data-end=\"1295\"><p data-start=\"1226\" data-end=\"1295\">Dobimo se ob kavi ali prek Zooma, da se pogovorimo o vajini zgodbi in pri\u010dakovanjih.<\/p><\/li><li data-start=\"1296\" data-end=\"1371\"><p data-start=\"1299\" data-end=\"1371\">Zagotovita si termin z avansom (termini so rezervirani ob prvem povpra\u0161evanju).<\/p><\/li><li data-start=\"1372\" data-end=\"1446\"><p data-start=\"1375\" data-end=\"1446\">Kratek sestanek pred poroko za dokon\u010dno dolo\u010ditev \u010dasovnice, idej in podrobnosti.<\/p><\/li><li data-start=\"1447\" data-end=\"1536\"><p data-start=\"1450\" data-end=\"1464\">Poro\u010dni dan<\/p><ul data-start=\"1468\" data-end=\"1536\"><li data-start=\"1468\" data-end=\"1536\"><p data-start=\"1470\" data-end=\"1536\">Na ve\u010der poroke bosta prejela 30 fotografij v predogled.<\/p><\/li><\/ul><\/li><li data-start=\"1537\" data-end=\"1593\"><p data-start=\"1540\" data-end=\"1593\">Dostava kon\u010dnih izdelkov v roku 3 mesecev po poroki.<\/p><\/li><\/ol>\t\t\t\t\t\t\t\t<\/div>\n\t\t\t\t\t<\/div>\n\t\t\t\t<\/div>\n\t\t<div class=\"elementor-element elementor-element-a8676cf e-flex e-con-boxed e-con e-parent\" data-id=\"a8676cf\" data-element_type=\"container\" data-settings=\"{&quot;background_background&quot;:&quot;classic&quot;}\">\n\t\t\t\t\t<div class=\"e-con-inner\">\n\t\t<div class=\"elementor-element elementor-element-db28f84 e-con-full e-flex e-con e-child\" data-id=\"db28f84\" data-element_type=\"container\">\n\t\t\t\t<div class=\"elementor-element elementor-element-8145206 elementor-widget elementor-widget-heading\" data-id=\"8145206\" data-element_type=\"widget\" data-widget_type=\"heading.default\">\n\t\t\t\t\t<h2 class=\"elementor-heading-title elementor-size-default\"><a href=\"https:\/\/day-001.com\/contact\/\">Stopi <br> v <br> stik.<\/a><\/h2>\t\t\t\t<\/div>\n\t\t\t\t<\/div>\n\t\t<div class=\"elementor-element elementor-element-91ab1dc e-con-full e-flex e-con e-child\" data-id=\"91ab1dc\" data-element_type=\"container\">\n\t\t\t\t<div class=\"elementor-element elementor-element-48b9c6b elementor-widget elementor-widget-image\" data-id=\"48b9c6b\" data-element_type=\"widget\" data-widget_type=\"image.default\">\n\t\t\t\t\t\t\t\t\t\t\t\t\t\t\t\t<a href=\"https:\/\/day-001.com\/contact\/\">\n\t\t\t\t\t\t\t<img decoding=\"async\" width=\"1024\" height=\"683\" src=\"https:\/\/day-001.com\/wp-content\/uploads\/2025\/12\/DSC06376-1024x683.jpg\" class=\"attachment-large size-large wp-image-3295\" alt=\"dsc06376\" srcset=\"https:\/\/day-001.com\/wp-content\/uploads\/2025\/12\/DSC06376-1024x683.jpg 1024w, https:\/\/day-001.com\/wp-content\/uploads\/2025\/12\/DSC06376-300x200.jpg 300w, https:\/\/day-001.com\/wp-content\/uploads\/2025\/12\/DSC06376-768x512.jpg 768w, https:\/\/day-001.com\/wp-content\/uploads\/2025\/12\/DSC06376-1536x1024.jpg 1536w, https:\/\/day-001.com\/wp-content\/uploads\/2025\/12\/DSC06376-2048x1365.jpg 2048w\" sizes=\"(max-width: 1024px) 100vw, 1024px\" title=\"O nama\">\t\t\t\t\t\t\t\t<\/a>\n\t\t\t\t\t\t\t\t\t\t\t\t\t\t\t<\/div>\n\t\t\t\t<\/div>\n\t\t\t\t\t<\/div>\n\t\t\t\t<\/div>\n\t\t\t\t<\/div>","protected":false},"excerpt":{"rendered":"<p>ABOUT US We\u2019re Timotej &amp; Jaka. Visual storytellers with backgrounds and education in film and photography, we blend our love for honest imagery, visual aesthetics, and authentic human moments. Outside of work, we\u2019re drawn to film, fashion, and documenting life as it unfolds. Raw, emotional and unscripted. Our experience Our work spans throughout multiple creative [&hellip;]<\/p>","protected":false},"author":1,"featured_media":0,"parent":0,"menu_order":3,"comment_status":"closed","ping_status":"closed","template":"","meta":{"_uag_custom_page_level_css":"","site-sidebar-layout":"no-sidebar","site-content-layout":"","ast-site-content-layout":"full-width-container","site-content-style":"default","site-sidebar-style":"default","ast-global-header-display":"","ast-banner-title-visibility":"disabled","ast-main-header-display":"","ast-hfb-above-header-display":"","ast-hfb-below-header-display":"","ast-hfb-mobile-header-display":"","site-post-title":"","ast-breadcrumbs-content":"","ast-featured-img":"","footer-sml-layout":"","ast-disable-related-posts":"","theme-transparent-header-meta":"enabled","adv-header-id-meta":"","stick-header-meta":"","header-above-stick-meta":"","header-main-stick-meta":"","header-below-stick-meta":"","astra-migrate-meta-layouts":"set","ast-page-background-enabled":"default","ast-page-background-meta":{"desktop":{"background-color":"var(--ast-global-color-4)","background-image":"","background-repeat":"repeat","background-position":"center center","background-size":"auto","background-attachment":"scroll","background-type":"","background-media":"","overlay-type":"","overlay-color":"","overlay-opacity":"","overlay-gradient":""},"tablet":{"background-color":"","background-image":"","background-repeat":"repeat","background-position":"center center","background-size":"auto","background-attachment":"scroll","background-type":"","background-media":"","overlay-type":"","overlay-color":"","overlay-opacity":"","overlay-gradient":""},"mobile":{"background-color":"","background-image":"","background-repeat":"repeat","background-position":"center center","background-size":"auto","background-attachment":"scroll","background-type":"","background-media":"","overlay-type":"","overlay-color":"","overlay-opacity":"","overlay-gradient":""}},"ast-content-background-meta":{"desktop":{"background-color":"var(--ast-global-color-5)","background-image":"","background-repeat":"repeat","background-position":"center center","background-size":"auto","background-attachment":"scroll","background-type":"","background-media":"","overlay-type":"","overlay-color":"","overlay-opacity":"","overlay-gradient":""},"tablet":{"background-color":"var(--ast-global-color-5)","background-image":"","background-repeat":"repeat","background-position":"center center","background-size":"auto","background-attachment":"scroll","background-type":"","background-media":"","overlay-type":"","overlay-color":"","overlay-opacity":"","overlay-gradient":""},"mobile":{"background-color":"var(--ast-global-color-5)","background-image":"","background-repeat":"repeat","background-position":"center center","background-size":"auto","background-attachment":"scroll","background-type":"","background-media":"","overlay-type":"","overlay-color":"","overlay-opacity":"","overlay-gradient":""}},"footnotes":""},"class_list":["post-547","page","type-page","status-publish","hentry"],"_hostinger_reach_plugin_has_subscription_block":false,"_hostinger_reach_plugin_is_elementor":false,"uagb_featured_image_src":{"full":false,"thumbnail":false,"medium":false,"medium_large":false,"large":false,"1536x1536":false,"2048x2048":false,"trp-custom-language-flag":false},"uagb_author_info":{"display_name":"kdf.sever@gmail.com","author_link":"https:\/\/day-001.com\/si\/author\/kdf-severgmail-com\/"},"uagb_comment_info":0,"uagb_excerpt":"ABOUT US We\u2019re Timotej &amp; Jaka. Visual storytellers with backgrounds and education in film and photography, we blend our love for honest imagery, visual aesthetics, and authentic human moments. Outside of work, we\u2019re drawn to film, fashion, and documenting life as it unfolds. Raw, emotional and unscripted. Our experience Our work spans throughout multiple creative&hellip;","_links":{"self":[{"href":"https:\/\/day-001.com\/si\/wp-json\/wp\/v2\/pages\/547","targetHints":{"allow":["GET"]}}],"collection":[{"href":"https:\/\/day-001.com\/si\/wp-json\/wp\/v2\/pages"}],"about":[{"href":"https:\/\/day-001.com\/si\/wp-json\/wp\/v2\/types\/page"}],"author":[{"embeddable":true,"href":"https:\/\/day-001.com\/si\/wp-json\/wp\/v2\/users\/1"}],"replies":[{"embeddable":true,"href":"https:\/\/day-001.com\/si\/wp-json\/wp\/v2\/comments?post=547"}],"version-history":[{"count":231,"href":"https:\/\/day-001.com\/si\/wp-json\/wp\/v2\/pages\/547\/revisions"}],"predecessor-version":[{"id":3854,"href":"https:\/\/day-001.com\/si\/wp-json\/wp\/v2\/pages\/547\/revisions\/3854"}],"wp:attachment":[{"href":"https:\/\/day-001.com\/si\/wp-json\/wp\/v2\/media?parent=547"}],"curies":[{"name":"wp","href":"https:\/\/api.w.org\/{rel}","templated":true}]}}